{"id":9,"date":"2011-04-26T16:46:44","date_gmt":"2011-04-26T14:46:44","guid":{"rendered":"http:\/\/paraevoluce.com\/?page_id=9"},"modified":"2013-12-01T19:26:31","modified_gmt":"2013-12-01T18:26:31","slug":"s-u-p-club","status":"publish","type":"page","link":"https:\/\/www.pb-veteran.cz\/?page_id=9","title":{"rendered":"REFERENCE"},"content":{"rendered":"<p><a title=\"Auta kompletovan\u00e1 z na\u0161ich d\u00edl\u016f\" href=\"http:\/\/www.pb-veteran.cz\/?p=2633\"><img loading=\"lazy\" class=\"alignleft size-full wp-image-2530\" src=\"http:\/\/www.pb-veteran.cz\/wp-content\/uploads\/komplet-z-nasich.gif\" alt=\"\" width=\"740\" height=\"150\" srcset=\"https:\/\/www.pb-veteran.cz\/wp-content\/uploads\/komplet-z-nasich.gif 740w, https:\/\/www.pb-veteran.cz\/wp-content\/uploads\/komplet-z-nasich-300x60.gif 300w\" sizes=\"(max-width: 740px) 100vw, 740px\" \/><\/a><a href=\"http:\/\/www.paraevoluce.com\/?page_id=688\"><img loading=\"lazy\" class=\"alignleft size-full wp-image-2489\" src=\"http:\/\/www.pb-veteran.cz\/wp-content\/uploads\/ostatnivyroba1.gif\" alt=\"\" width=\"740\" height=\"150\" srcset=\"https:\/\/www.pb-veteran.cz\/wp-content\/uploads\/ostatnivyroba1.gif 740w, https:\/\/www.pb-veteran.cz\/wp-content\/uploads\/ostatnivyroba1-300x60.gif 300w\" sizes=\"(max-width: 740px) 100vw, 740px\" \/><\/a><\/p>\n<p><a href=\"http:\/\/www.pb-veteran.cz\/wp-content\/uploads\/P1040241_small.jpg\"><img loading=\"lazy\" class=\"alignleft size-medium wp-image-3375\" title=\"P1040241_small\" src=\"http:\/\/www.pb-veteran.cz\/wp-content\/uploads\/P1040241_small-300x180.jpg\" alt=\"\" width=\"300\" height=\"180\" srcset=\"https:\/\/www.pb-veteran.cz\/wp-content\/uploads\/P1040241_small-300x180.jpg 300w, https:\/\/www.pb-veteran.cz\/wp-content\/uploads\/P1040241_small.jpg 448w\" sizes=\"(max-width: 300px) 100vw, 300px\" \/><\/a><\/p>\n<p><a href=\"http:\/\/www.pb-veteran.cz\/wp-content\/uploads\/volant_small1.jpg\"><img loading=\"lazy\" src=\"http:\/\/www.pb-veteran.cz\/wp-content\/uploads\/volant_small1-300x224.jpg\" alt=\"\" title=\"volant_small\" width=\"300\" height=\"224\" class=\"alignleft size-medium wp-image-3383\" srcset=\"https:\/\/www.pb-veteran.cz\/wp-content\/uploads\/volant_small1-300x224.jpg 300w, https:\/\/www.pb-veteran.cz\/wp-content\/uploads\/volant_small1.jpg 448w\" sizes=\"(max-width: 300px) 100vw, 300px\" \/><\/a><\/p>\n<p>&nbsp;<\/p>\n","protected":false},"excerpt":{"rendered":"<p>&nbsp;<\/p>\n","protected":false},"author":1,"featured_media":0,"parent":0,"menu_order":50,"comment_status":"open","ping_status":"closed","template":"","meta":{"ngg_post_thumbnail":0},"_links":{"self":[{"href":"https:\/\/www.pb-veteran.cz\/index.php?rest_route=\/wp\/v2\/pages\/9"}],"collection":[{"href":"https:\/\/www.pb-veteran.cz\/index.php?rest_route=\/wp\/v2\/pages"}],"about":[{"href":"https:\/\/www.pb-veteran.cz\/index.php?rest_route=\/wp\/v2\/types\/page"}],"author":[{"embeddable":true,"href":"https:\/\/www.pb-veteran.cz\/index.php?rest_route=\/wp\/v2\/users\/1"}],"replies":[{"embeddable":true,"href":"https:\/\/www.pb-veteran.cz\/index.php?rest_route=%2Fwp%2Fv2%2Fcomments&post=9"}],"version-history":[{"count":69,"href":"https:\/\/www.pb-veteran.cz\/index.php?rest_route=\/wp\/v2\/pages\/9\/revisions"}],"predecessor-version":[{"id":654,"href":"https:\/\/www.pb-veteran.cz\/index.php?rest_route=\/wp\/v2\/pages\/9\/revisions\/654"}],"wp:attachment":[{"href":"https:\/\/www.pb-veteran.cz\/index.php?rest_route=%2Fwp%2Fv2%2Fmedia&parent=9"}],"curies":[{"name":"wp","href":"https:\/\/api.w.org\/{rel}","templated":true}]}}