{"id":2474,"date":"2012-03-08T22:34:44","date_gmt":"2012-03-08T21:34:44","guid":{"rendered":"http:\/\/www.pb-veteran.cz\/?page_id=2474"},"modified":"2012-03-25T12:16:52","modified_gmt":"2012-03-25T10:16:52","slug":"fotogalerie1","status":"publish","type":"page","link":"http:\/\/www.pb-veteran.cz\/?page_id=2474","title":{"rendered":"FOTOGALERIE"},"content":{"rendered":"<p>&nbsp;<\/p>\n<p><strong><strong><ul class=\"ngg-breadcrumbs\">\n    <\/ul>\n<div class=\"ngg-albumoverview\">\t\n\t<!-- List of galleries -->\n\t\n\t<div class=\"ngg-album\">\n\t\t<div class=\"ngg-albumtitle\"><a href=\"http:\/\/www.pb-veteran.cz\/index.php\/nggallery\/veteran-fotky\/selske-baroko-sobeslav-zari-2012?page_id=2474\">Selsk\u00e9 Baroko Sob\u011bslav - z\u00e1\u0159\u00ed 2012<\/a><\/div>\n\t\t\t<div class=\"ngg-albumcontent\">\n\t\t\t\t<div class=\"ngg-thumbnail\">\n\t\t\t\t\t<a href=\"http:\/\/www.pb-veteran.cz\/index.php\/nggallery\/veteran-fotky\/selske-baroko-sobeslav-zari-2012?page_id=2474\"><img class=\"Thumb\" alt=\"Selsk\u00e9 Baroko Sob\u011bslav - z\u00e1\u0159\u00ed 2012\" src=\"http:\/\/www.pb-veteran.cz\/wp-content\/gallery\/selske-baroko-sobeslav-zari-2012\/cache\/131.JPG-nggid044222-ngg0dyn-240x160x100-00f0w010c011r110f110r010t010.JPG\"\/><\/a>\n\t\t\t\t<\/div>\n\t\t\t\t<div class=\"ngg-description\">\n\t\t\t\t<p><\/p>\n\t\t\t\t\t\t\t\t<p class=\"ngg-album-gallery-image-counter\"><strong>60<\/strong>&nbsp;Fotky<\/p>\n\t\t\t\t\t\t\t<\/div>\n\t\t<\/div>\n\t<\/div>\n\n \t\n\t<div class=\"ngg-album\">\n\t\t<div class=\"ngg-albumtitle\"><a href=\"http:\/\/www.pb-veteran.cz\/index.php\/nggallery\/veteran-fotky\/sraz-porsche-cesky-krumlov-cerven-2012?page_id=2474\">Sraz Porsche \u010cesk\u00fd Krumlov - \u010derven 2012<\/a><\/div>\n\t\t\t<div class=\"ngg-albumcontent\">\n\t\t\t\t<div class=\"ngg-thumbnail\">\n\t\t\t\t\t<a href=\"http:\/\/www.pb-veteran.cz\/index.php\/nggallery\/veteran-fotky\/sraz-porsche-cesky-krumlov-cerven-2012?page_id=2474\"><img class=\"Thumb\" alt=\"Sraz Porsche \u010cesk\u00fd Krumlov - \u010derven 2012\" src=\"http:\/\/www.pb-veteran.cz\/wp-content\/gallery\/sraz-porshe-cesky-krumlov-cerven-2012\/cache\/042.JPG-nggid044148-ngg0dyn-240x160x100-00f0w010c011r110f110r010t010.JPG\"\/><\/a>\n\t\t\t\t<\/div>\n\t\t\t\t<div class=\"ngg-description\">\n\t\t\t\t<p><\/p>\n\t\t\t\t\t\t\t\t<p class=\"ngg-album-gallery-image-counter\"><strong>24<\/strong>&nbsp;Fotky<\/p>\n\t\t\t\t\t\t\t<\/div>\n\t\t<\/div>\n\t<\/div>\n\n \t\n\t<div class=\"ngg-album\">\n\t\t<div class=\"ngg-albumtitle\"><a href=\"http:\/\/www.pb-veteran.cz\/index.php\/nggallery\/veteran-fotky\/fiat-fun-club-sraz-tabor-cerven-2012-2?page_id=2474\">Fiat fun club - sraz T\u00e1bor \u010derven 2012<\/a><\/div>\n\t\t\t<div class=\"ngg-albumcontent\">\n\t\t\t\t<div class=\"ngg-thumbnail\">\n\t\t\t\t\t<a href=\"http:\/\/www.pb-veteran.cz\/index.php\/nggallery\/veteran-fotky\/fiat-fun-club-sraz-tabor-cerven-2012-2?page_id=2474\"><img class=\"Thumb\" alt=\"Fiat fun club - sraz T\u00e1bor \u010derven 2012\" src=\"http:\/\/www.pb-veteran.cz\/wp-content\/gallery\/fiat-fun-club-sraz-tabor-cerven-2012\/cache\/011.JPG-nggid044156-ngg0dyn-240x160x100-00f0w010c011r110f110r010t010.JPG\"\/><\/a>\n\t\t\t\t<\/div>\n\t\t\t\t<div class=\"ngg-description\">\n\t\t\t\t<p><\/p>\n\t\t\t\t\t\t\t\t<p class=\"ngg-album-gallery-image-counter\"><strong>8<\/strong>&nbsp;Fotky<\/p>\n\t\t\t\t\t\t\t<\/div>\n\t\t<\/div>\n\t<\/div>\n\n \t\n\t<div class=\"ngg-album\">\n\t\t<div class=\"ngg-albumtitle\"><a href=\"http:\/\/www.pb-veteran.cz\/index.php\/nggallery\/veteran-fotky\/jarni-rallye-tabor-kveten-2012?page_id=2474\">Jarn\u00ed rallye - T\u00e1bor (kv\u011bten 2012)<\/a><\/div>\n\t\t\t<div class=\"ngg-albumcontent\">\n\t\t\t\t<div class=\"ngg-thumbnail\">\n\t\t\t\t\t<a href=\"http:\/\/www.pb-veteran.cz\/index.php\/nggallery\/veteran-fotky\/jarni-rallye-tabor-kveten-2012?page_id=2474\"><img class=\"Thumb\" alt=\"Jarn\u00ed rallye - T\u00e1bor (kv\u011bten 2012)\" src=\"http:\/\/www.pb-veteran.cz\/wp-content\/gallery\/jarni-rallye-tabor-kveten-2012\/cache\/088.JPG-nggid044099-ngg0dyn-240x160x100-00f0w010c011r110f110r010t010.JPG\"\/><\/a>\n\t\t\t\t<\/div>\n\t\t\t\t<div class=\"ngg-description\">\n\t\t\t\t<p><\/p>\n\t\t\t\t\t\t\t\t<p class=\"ngg-album-gallery-image-counter\"><strong>44<\/strong>&nbsp;Fotky<\/p>\n\t\t\t\t\t\t\t<\/div>\n\t\t<\/div>\n\t<\/div>\n\n \t\n\t<div class=\"ngg-album\">\n\t\t<div class=\"ngg-albumtitle\"><a href=\"http:\/\/www.pb-veteran.cz\/index.php\/nggallery\/veteran-fotky\/velikonocni-koledovani-duben-2012?page_id=2474\">Velikono\u010dn\u00ed koledov\u00e1n\u00ed (duben 2012)<\/a><\/div>\n\t\t\t<div class=\"ngg-albumcontent\">\n\t\t\t\t<div class=\"ngg-thumbnail\">\n\t\t\t\t\t<a href=\"http:\/\/www.pb-veteran.cz\/index.php\/nggallery\/veteran-fotky\/velikonocni-koledovani-duben-2012?page_id=2474\"><img class=\"Thumb\" alt=\"Velikono\u010dn\u00ed koledov\u00e1n\u00ed (duben 2012)\" src=\"http:\/\/www.pb-veteran.cz\/wp-content\/gallery\/velikonocni-koledovani-duben-2011\/cache\/046.JPG-nggid044046-ngg0dyn-240x160x100-00f0w010c011r110f110r010t010.JPG\"\/><\/a>\n\t\t\t\t<\/div>\n\t\t\t\t<div class=\"ngg-description\">\n\t\t\t\t<p><\/p>\n\t\t\t\t\t\t\t\t<p class=\"ngg-album-gallery-image-counter\"><strong>38<\/strong>&nbsp;Fotky<\/p>\n\t\t\t\t\t\t\t<\/div>\n\t\t<\/div>\n\t<\/div>\n\n \t\n\t<div class=\"ngg-album\">\n\t\t<div class=\"ngg-albumtitle\"><a href=\"http:\/\/www.pb-veteran.cz\/index.php\/nggallery\/veteran-fotky\/veterani-novy-zeland-leden-2012?page_id=2474\">Veter\u00e1n\u00ed Nov\u00fd Z\u00e9land (leden 2012)<\/a><\/div>\n\t\t\t<div class=\"ngg-albumcontent\">\n\t\t\t\t<div class=\"ngg-thumbnail\">\n\t\t\t\t\t<a href=\"http:\/\/www.pb-veteran.cz\/index.php\/nggallery\/veteran-fotky\/veterani-novy-zeland-leden-2012?page_id=2474\"><img class=\"Thumb\" alt=\"Veter\u00e1n\u00ed Nov\u00fd Z\u00e9land (leden 2012)\" src=\"\"\/><\/a>\n\t\t\t\t<\/div>\n\t\t\t\t<div class=\"ngg-description\">\n\t\t\t\t<p><\/p>\n\t\t\t\t\t\t\t\t<p class=\"ngg-album-gallery-image-counter\"><strong>52<\/strong>&nbsp;Fotky<\/p>\n\t\t\t\t\t\t\t<\/div>\n\t\t<\/div>\n\t<\/div>\n\n \t\n\t<div class=\"ngg-album\">\n\t\t<div class=\"ngg-albumtitle\"><a href=\"http:\/\/www.pb-veteran.cz\/index.php\/nggallery\/veteran-fotky\/veterani-celkovice-2011?page_id=2474\">Veter\u00e1ni \u010celkovice 2011<\/a><\/div>\n\t\t\t<div class=\"ngg-albumcontent\">\n\t\t\t\t<div class=\"ngg-thumbnail\">\n\t\t\t\t\t<a href=\"http:\/\/www.pb-veteran.cz\/index.php\/nggallery\/veteran-fotky\/veterani-celkovice-2011?page_id=2474\"><img class=\"Thumb\" alt=\"Veter\u00e1ni \u010celkovice 2011\" src=\"\"\/><\/a>\n\t\t\t\t<\/div>\n\t\t\t\t<div class=\"ngg-description\">\n\t\t\t\t<p><\/p>\n\t\t\t\t\t\t\t\t<p class=\"ngg-album-gallery-image-counter\"><strong>54<\/strong>&nbsp;Fotky<\/p>\n\t\t\t\t\t\t\t<\/div>\n\t\t<\/div>\n\t<\/div>\n\n \t\n\t<div class=\"ngg-album\">\n\t\t<div class=\"ngg-albumtitle\"><a href=\"http:\/\/www.pb-veteran.cz\/index.php\/nggallery\/veteran-fotky\/trofeo-nike-bohemia-tabor-2011?page_id=2474\">Trofeo Nike Bohemia T\u00e1bor 2011<\/a><\/div>\n\t\t\t<div class=\"ngg-albumcontent\">\n\t\t\t\t<div class=\"ngg-thumbnail\">\n\t\t\t\t\t<a href=\"http:\/\/www.pb-veteran.cz\/index.php\/nggallery\/veteran-fotky\/trofeo-nike-bohemia-tabor-2011?page_id=2474\"><img class=\"Thumb\" alt=\"Trofeo Nike Bohemia T\u00e1bor 2011\" src=\"http:\/\/www.pb-veteran.cz\/wp-content\/gallery\/6_trofeo-nike-bohemia-tabor-7_2011\/cache\/060.JPG-nggid043894-ngg0dyn-240x160x100-00f0w010c011r110f110r010t010.JPG\"\/><\/a>\n\t\t\t\t<\/div>\n\t\t\t\t<div class=\"ngg-description\">\n\t\t\t\t<p><\/p>\n\t\t\t\t\t\t\t\t<p class=\"ngg-album-gallery-image-counter\"><strong>19<\/strong>&nbsp;Fotky<\/p>\n\t\t\t\t\t\t\t<\/div>\n\t\t<\/div>\n\t<\/div>\n\n \t\n\t<div class=\"ngg-album\">\n\t\t<div class=\"ngg-albumtitle\"><a href=\"http:\/\/www.pb-veteran.cz\/index.php\/nggallery\/veteran-fotky\/sraz-skodovek-knizeci-rybnik?page_id=2474\">Sraz \u0160kodovek Kn\u00ed\u017eec\u00ed Rybn\u00edk<\/a><\/div>\n\t\t\t<div class=\"ngg-albumcontent\">\n\t\t\t\t<div class=\"ngg-thumbnail\">\n\t\t\t\t\t<a href=\"http:\/\/www.pb-veteran.cz\/index.php\/nggallery\/veteran-fotky\/sraz-skodovek-knizeci-rybnik?page_id=2474\"><img class=\"Thumb\" alt=\"Sraz \u0160kodovek Kn\u00ed\u017eec\u00ed Rybn\u00edk\" src=\"http:\/\/www.pb-veteran.cz\/wp-content\/gallery\/5_sraz-skoda-knizeci-rybnik-6_2011\/cache\/091.JPG-nggid043875-ngg0dyn-240x160x100-00f0w010c011r110f110r010t010.JPG\"\/><\/a>\n\t\t\t\t<\/div>\n\t\t\t\t<div class=\"ngg-description\">\n\t\t\t\t<p><\/p>\n\t\t\t\t\t\t\t\t<p class=\"ngg-album-gallery-image-counter\"><strong>41<\/strong>&nbsp;Fotky<\/p>\n\t\t\t\t\t\t\t<\/div>\n\t\t<\/div>\n\t<\/div>\n\n \t\n\t<div class=\"ngg-album\">\n\t\t<div class=\"ngg-albumtitle\"><a href=\"http:\/\/www.pb-veteran.cz\/index.php\/nggallery\/veteran-fotky\/veteran-arena-olomouc?page_id=2474\">Veter\u00e1n ar\u00e9na Olomouc<\/a><\/div>\n\t\t\t<div class=\"ngg-albumcontent\">\n\t\t\t\t<div class=\"ngg-thumbnail\">\n\t\t\t\t\t<a href=\"http:\/\/www.pb-veteran.cz\/index.php\/nggallery\/veteran-fotky\/veteran-arena-olomouc?page_id=2474\"><img class=\"Thumb\" alt=\"Veter\u00e1n ar\u00e9na Olomouc\" src=\"http:\/\/www.pb-veteran.cz\/wp-content\/gallery\/4_veteran-arena-olomouc\/cache\/085.JPG-nggid043834-ngg0dyn-240x160x100-00f0w010c011r110f110r010t010.JPG\"\/><\/a>\n\t\t\t\t<\/div>\n\t\t\t\t<div class=\"ngg-description\">\n\t\t\t\t<p><\/p>\n\t\t\t\t\t\t\t\t<p class=\"ngg-album-gallery-image-counter\"><strong>50<\/strong>&nbsp;Fotky<\/p>\n\t\t\t\t\t\t\t<\/div>\n\t\t<\/div>\n\t<\/div>\n\n \t\n\t<div class=\"ngg-album\">\n\t\t<div class=\"ngg-albumtitle\"><a href=\"http:\/\/www.pb-veteran.cz\/index.php\/nggallery\/veteran-fotky\/sraz-cervena-lhota-2011?page_id=2474\">Sraz \u010cerven\u00e1 Lhota 2011<\/a><\/div>\n\t\t\t<div class=\"ngg-albumcontent\">\n\t\t\t\t<div class=\"ngg-thumbnail\">\n\t\t\t\t\t<a href=\"http:\/\/www.pb-veteran.cz\/index.php\/nggallery\/veteran-fotky\/sraz-cervena-lhota-2011?page_id=2474\"><img class=\"Thumb\" alt=\"Sraz \u010cerven\u00e1 Lhota 2011\" src=\"http:\/\/www.pb-veteran.cz\/wp-content\/gallery\/3_sraz-cervena-lhota-6_2011\/cache\/049.JPG-nggid043784-ngg0dyn-240x160x100-00f0w010c011r110f110r010t010.JPG\"\/><\/a>\n\t\t\t\t<\/div>\n\t\t\t\t<div class=\"ngg-description\">\n\t\t\t\t<p><\/p>\n\t\t\t\t\t\t\t\t<p class=\"ngg-album-gallery-image-counter\"><strong>22<\/strong>&nbsp;Fotky<\/p>\n\t\t\t\t\t\t\t<\/div>\n\t\t<\/div>\n\t<\/div>\n\n \t\n\t<div class=\"ngg-album\">\n\t\t<div class=\"ngg-albumtitle\"><a href=\"http:\/\/www.pb-veteran.cz\/index.php\/nggallery\/veteran-fotky\/krivonoska-hluboka-nad-vltavou-2011?page_id=2474\">K\u0159ivono\u0161ka Hlubok\u00e1 nad Vltavou 2011<\/a><\/div>\n\t\t\t<div class=\"ngg-albumcontent\">\n\t\t\t\t<div class=\"ngg-thumbnail\">\n\t\t\t\t\t<a href=\"http:\/\/www.pb-veteran.cz\/index.php\/nggallery\/veteran-fotky\/krivonoska-hluboka-nad-vltavou-2011?page_id=2474\"><img class=\"Thumb\" alt=\"K\u0159ivono\u0161ka Hlubok\u00e1 nad Vltavou 2011\" src=\"\"\/><\/a>\n\t\t\t\t<\/div>\n\t\t\t\t<div class=\"ngg-description\">\n\t\t\t\t<p><\/p>\n\t\t\t\t\t\t\t\t<p class=\"ngg-album-gallery-image-counter\"><strong>67<\/strong>&nbsp;Fotky<\/p>\n\t\t\t\t\t\t\t<\/div>\n\t\t<\/div>\n\t<\/div>\n\n \t\n\t<div class=\"ngg-album\">\n\t\t<div class=\"ngg-albumtitle\"><a href=\"http:\/\/www.pb-veteran.cz\/index.php\/nggallery\/veteran-fotky\/muzeum-veteranu-porezany-2?page_id=2474\">Muzeum veter\u00e1n\u016f Po\u0159e\u017eany<\/a><\/div>\n\t\t\t<div class=\"ngg-albumcontent\">\n\t\t\t\t<div class=\"ngg-thumbnail\">\n\t\t\t\t\t<a href=\"http:\/\/www.pb-veteran.cz\/index.php\/nggallery\/veteran-fotky\/muzeum-veteranu-porezany-2?page_id=2474\"><img class=\"Thumb\" alt=\"Muzeum veter\u00e1n\u016f Po\u0159e\u017eany\" src=\"http:\/\/www.pb-veteran.cz\/wp-content\/gallery\/1_muzeum-veteranu-porezany\/cache\/005.JPG-nggid043691-ngg0dyn-240x160x100-00f0w010c011r110f110r010t010.JPG\"\/><\/a>\n\t\t\t\t<\/div>\n\t\t\t\t<div class=\"ngg-description\">\n\t\t\t\t<p><\/p>\n\t\t\t\t\t\t\t\t<p class=\"ngg-album-gallery-image-counter\"><strong>6<\/strong>&nbsp;Fotky<\/p>\n\t\t\t\t\t\t\t<\/div>\n\t\t<\/div>\n\t<\/div>\n\n \t \t\n\t<!-- Pagination -->\n \t<div class='ngg-clear'><\/div> \t\n<\/div>\n\n<\/strong><\/strong><\/p>\n<p>&nbsp;<\/p>\n","protected":false},"excerpt":{"rendered":"<p>&nbsp; &nbsp;<\/p>\n","protected":false},"author":1,"featured_media":0,"parent":0,"menu_order":61,"comment_status":"closed","ping_status":"closed","template":"","meta":{"ngg_post_thumbnail":0},"_links":{"self":[{"href":"http:\/\/www.pb-veteran.cz\/index.php?rest_route=\/wp\/v2\/pages\/2474"}],"collection":[{"href":"http:\/\/www.pb-veteran.cz\/index.php?rest_route=\/wp\/v2\/pages"}],"about":[{"href":"http:\/\/www.pb-veteran.cz\/index.php?rest_route=\/wp\/v2\/types\/page"}],"author":[{"embeddable":true,"href":"http:\/\/www.pb-veteran.cz\/index.php?rest_route=\/wp\/v2\/users\/1"}],"replies":[{"embeddable":true,"href":"http:\/\/www.pb-veteran.cz\/index.php?rest_route=%2Fwp%2Fv2%2Fcomments&post=2474"}],"version-history":[{"count":16,"href":"http:\/\/www.pb-veteran.cz\/index.php?rest_route=\/wp\/v2\/pages\/2474\/revisions"}],"predecessor-version":[{"id":2632,"href":"http:\/\/www.pb-veteran.cz\/index.php?rest_route=\/wp\/v2\/pages\/2474\/revisions\/2632"}],"wp:attachment":[{"href":"http:\/\/www.pb-veteran.cz\/index.php?rest_route=%2Fwp%2Fv2%2Fmedia&parent=2474"}],"curies":[{"name":"wp","href":"https:\/\/api.w.org\/{rel}","templated":true}]}}