{"id":14,"date":"2011-04-26T16:47:18","date_gmt":"2011-04-26T14:47:18","guid":{"rendered":"http:\/\/paraevoluce.com\/?page_id=14"},"modified":"2021-03-03T14:37:45","modified_gmt":"2021-03-03T13:37:45","slug":"kontakt","status":"publish","type":"page","link":"http:\/\/www.pb-veteran.cz\/?page_id=14","title":{"rendered":"KONTAKT"},"content":{"rendered":"<p><strong>\u00a0<\/strong><\/p>\n<p>&nbsp;<\/p>\n<p><a href=\"http:\/\/www.pb-veteran.cz\/wp-content\/uploads\/P6030390.jpg\"><img loading=\"lazy\" class=\"alignright wp-image-3913\" src=\"http:\/\/www.pb-veteran.cz\/wp-content\/uploads\/P6030390-1024x768.jpg\" alt=\"OLYMPUS DIGITAL CAMERA\" width=\"400\" height=\"300\" srcset=\"http:\/\/www.pb-veteran.cz\/wp-content\/uploads\/P6030390-1024x768.jpg 1024w, http:\/\/www.pb-veteran.cz\/wp-content\/uploads\/P6030390-300x225.jpg 300w\" sizes=\"(max-width: 400px) 100vw, 400px\" \/><\/a><strong>V\u00fdroba a koresponden\u010dn\u00ed adresa (sem pros\u00edm zas\u00edlejte ve\u0161kerou korespondenci a bal\u00edky):<\/strong><\/p>\n<p>Petr B\u00edlek<\/p>\n<p>\u00dasteck\u00e1 1518<br \/>\n390 01 T\u00e1bor<\/p>\n<p>GPS: N49\u00b04122572\u00b4 E14\u00b06657919\u00b4<br \/>\n<a href=\"http:\/\/www.pb-veteran.cz\/wp-content\/uploads\/mapy1.jpg\"><img loading=\"lazy\" class=\"alignleft size-medium wp-image-3754\" src=\"http:\/\/www.pb-veteran.cz\/wp-content\/uploads\/mapy1-300x146.jpg\" alt=\"mapy(1)\" width=\"300\" height=\"146\" srcset=\"http:\/\/www.pb-veteran.cz\/wp-content\/uploads\/mapy1-300x146.jpg 300w, http:\/\/www.pb-veteran.cz\/wp-content\/uploads\/mapy1-1024x499.jpg 1024w, http:\/\/www.pb-veteran.cz\/wp-content\/uploads\/mapy1.jpg 1301w\" sizes=\"(max-width: 300px) 100vw, 300px\" \/><\/a><\/p>\n<p><span style=\"color: #ffffff;\">.<\/span><\/p>\n<p><strong>N\u00e1v\u0161t\u011bvy po dohod\u011b na:<\/strong><\/p>\n<p><strong>\u00a0<\/strong><span style=\"color: #ffffff;\">.<\/span><br \/>\nTel: 00420 608 829595<br \/>\nE-mail: <a title=\"blocked::mailto:info@paraevoluce.com\" href=\"mailto:info@paraevoluce.com\">info@paraevoluce.com<\/a><\/p>\n<p>Pokud se V\u00e1m e-mail vr\u00e1t\u00ed nebo neodpov\u00edd\u00e1me, zkuste pros\u00edm pou\u017e\u00edt bilek-model@seznam.cz nebo telefon 608 829 595. Posledn\u00ed dobou n\u011bjak zlob\u00ed. Za komplikace se omlouv\u00e1me.<\/p>\n<p><strong><a href=\"http:\/\/www.pb-veteran.cz\/\">www.pb-veteran.cz<\/a><\/strong><\/p>\n<p><strong><a title=\"blocked::http:\/\/www.paraevoluce.com\/\" href=\"http:\/\/www.paraevoluce.com\/\">www.paraevoluce.com<\/a><\/strong><\/p>\n<p><strong><strong>\u00a0<\/strong><\/strong><\/p>\n<p>&nbsp;<\/p>\n<p>&nbsp;<\/p>\n<p>&nbsp;<\/p>\n<p>&nbsp;<\/p>\n<p>&nbsp;<\/p>\n<p>&nbsp;<\/p>\n<p><strong>Faktura\u010dn\u00ed adresa (slou\u017e\u00ed pouze k fakturaci, koresponden\u010dn\u00ed adresa viz v\u00fd\u0161e):<\/strong><\/p>\n<p>Petr B\u00edlek<\/p>\n<p>Sv\u00e9pomoc 694<br \/>\n391 02 Sezimovo \u00dast\u00ed II<br \/>\nI\u010cO: 73471267<br \/>\nDI\u010c: CZ7511111740<\/p>\n<p><strong>\u00a0<\/strong><\/p>\n<p>&nbsp;<\/p>\n<p>&nbsp;<\/p>\n","protected":false},"excerpt":{"rendered":"<p>\u00a0 &nbsp; V\u00fdroba a koresponden\u010dn\u00ed adresa (sem pros\u00edm zas\u00edlejte ve\u0161kerou korespondenci a bal\u00edky): Petr B\u00edlek \u00dasteck\u00e1 1518 390 01 T\u00e1bor GPS: N49\u00b04122572\u00b4 E14\u00b06657919\u00b4 . N\u00e1v\u0161t\u011bvy po dohod\u011b na: \u00a0. Tel: 00420 608 829595 E-mail: info@paraevoluce.com Pokud se V\u00e1m e-mail vr\u00e1t\u00ed nebo neodpov\u00edd\u00e1me, zkuste pros\u00edm pou\u017e\u00edt bilek-model@seznam.cz nebo telefon 608 829 595. Posledn\u00ed dobou n\u011bjak zlob\u00ed. [&hellip;]<\/p>\n","protected":false},"author":1,"featured_media":0,"parent":0,"menu_order":70,"comment_status":"closed","ping_status":"closed","template":"","meta":{"ngg_post_thumbnail":0},"_links":{"self":[{"href":"http:\/\/www.pb-veteran.cz\/index.php?rest_route=\/wp\/v2\/pages\/14"}],"collection":[{"href":"http:\/\/www.pb-veteran.cz\/index.php?rest_route=\/wp\/v2\/pages"}],"about":[{"href":"http:\/\/www.pb-veteran.cz\/index.php?rest_route=\/wp\/v2\/types\/page"}],"author":[{"embeddable":true,"href":"http:\/\/www.pb-veteran.cz\/index.php?rest_route=\/wp\/v2\/users\/1"}],"replies":[{"embeddable":true,"href":"http:\/\/www.pb-veteran.cz\/index.php?rest_route=%2Fwp%2Fv2%2Fcomments&post=14"}],"version-history":[{"count":33,"href":"http:\/\/www.pb-veteran.cz\/index.php?rest_route=\/wp\/v2\/pages\/14\/revisions"}],"predecessor-version":[{"id":4479,"href":"http:\/\/www.pb-veteran.cz\/index.php?rest_route=\/wp\/v2\/pages\/14\/revisions\/4479"}],"wp:attachment":[{"href":"http:\/\/www.pb-veteran.cz\/index.php?rest_route=%2Fwp%2Fv2%2Fmedia&parent=14"}],"curies":[{"name":"wp","href":"https:\/\/api.w.org\/{rel}","templated":true}]}}